{"id":7105,"date":"2019-06-05T11:16:46","date_gmt":"2019-06-05T11:16:46","guid":{"rendered":"http:\/\/winearound.it\/?page_id=7105"},"modified":"2022-05-24T13:08:31","modified_gmt":"2022-05-24T13:08:31","slug":"accrediti-operatori-giornalisti","status":"publish","type":"page","link":"https:\/\/old.winearound.it\/fr\/accrediti-operatori-giornalisti\/","title":{"rendered":"Accr\u00e9ditation des op\u00e9rateurs\/journalistes"},"content":{"rendered":"<div class=\"vc_row wpb_row vc_row-fluid\"><div class=\"wpb_column vc_column_container vc_col-sm-12\"><div class=\"vc_column-inner\"><div class=\"wpb_wrapper\">\n\t<div class=\"wpb_text_column wpb_content_element\" >\n\t\t<div class=\"wpb_wrapper\">\n\t\t\t<p>Les op\u00e9rateurs (restaurateurs, caviste, distributeurs) et les journalistes du secteur peuvent demander une accr\u00e9ditation \u00e0 l'\u00e9v\u00e9nement, pour acc\u00e9der gratuitement aux d\u00e9gustations, en remplissant le formulaire ci-dessous.<\/p>\n\n\t\t<\/div>\n\t<\/div>\n<\/div><\/div><\/div><\/div><div class=\"vc_row wpb_row vc_row-fluid\"><div class=\"wpb_column vc_column_container vc_col-sm-12\"><div class=\"vc_column-inner\"><div class=\"wpb_wrapper\">\n<div class=\"wpcf7 no-js\" id=\"wpcf7-f7071-o1\" lang=\"en-US\" dir=\"ltr\">\n<div class=\"screen-reader-response\"><p role=\"status\" aria-live=\"polite\" aria-atomic=\"true\"><\/p> <ul><\/ul><\/div>\n<form action=\"\/fr\/wp-json\/wp\/v2\/pages\/7105#wpcf7-f7071-o1\" method=\"post\" class=\"wpcf7-form init\" aria-label=\"Contact form\" novalidate=\"novalidate\" data-status=\"init\" data-trp-original-action=\"\/fr\/wp-json\/wp\/v2\/pages\/7105#wpcf7-f7071-o1\">\n<div style=\"display: none;\">\n<input type=\"hidden\" name=\"_wpcf7\" value=\"7071\" \/>\n<input type=\"hidden\" name=\"_wpcf7_version\" value=\"5.7.5.1\" \/>\n<input type=\"hidden\" name=\"_wpcf7_locale\" value=\"en_US\" \/>\n<input type=\"hidden\" name=\"_wpcf7_unit_tag\" value=\"wpcf7-f7071-o1\" \/>\n<input type=\"hidden\" name=\"_wpcf7_container_post\" value=\"0\" \/>\n<input type=\"hidden\" name=\"_wpcf7_posted_data_hash\" value=\"\" \/>\n<\/div>\n<div class=\"rnr-input\">\n\t<p><span class=\"wpcf7-form-control-wrap\" data-name=\"your-name\"><input size=\"40\" class=\"wpcf7-form-control wpcf7-text wpcf7-validates-as-required\" aria-required=\"true\" aria-invalid=\"false\" placeholder=\"Nom et pr\u00e9nom\" value=\"\" type=\"text\" name=\"your-name\" \/><\/span><span class=\"wpcf7-form-control-wrap\" data-name=\"your-email\"><input size=\"40\" class=\"wpcf7-form-control wpcf7-text wpcf7-email wpcf7-validates-as-required wpcf7-validates-as-email\" aria-required=\"true\" aria-invalid=\"false\" placeholder=\"E-mail\" value=\"\" type=\"email\" name=\"your-email\" \/><\/span><span class=\"wpcf7-form-control-wrap\" data-name=\"attivita\"><input size=\"40\" class=\"wpcf7-form-control wpcf7-text wpcf7-validates-as-required\" aria-required=\"true\" aria-invalid=\"false\" placeholder=\"Activit\u00e9 \/ Journal\" value=\"\" type=\"text\" name=\"attivita\" \/><\/span><span class=\"wpcf7-form-control-wrap\" data-name=\"citta\"><input size=\"40\" class=\"wpcf7-form-control wpcf7-text wpcf7-validates-as-required\" aria-required=\"true\" aria-invalid=\"false\" placeholder=\"Ville\" value=\"\" type=\"text\" name=\"citta\" \/><\/span>\n\t<\/p>\n<\/div>\n<div class=\"rnr-textarea\">\n\t<p><span class=\"wpcf7-form-control-wrap\" data-name=\"Note\"><textarea cols=\"40\" rows=\"10\" class=\"wpcf7-form-control wpcf7-textarea\" aria-invalid=\"false\" placeholder=\"Noter\" name=\"Note\"><\/textarea><\/span>\n\t<\/p>\n<\/div>\n<div class=\"rnr-submit\">\n\t<div>\n\t\t<p><input class=\"wpcf7-form-control has-spinner wpcf7-submit\" type=\"submit\" value=\"soumettre\" \/>\n\t\t<\/p>\n\t<\/div>\n<\/div><input type='hidden' class='wpcf7-pum' value='{\"closepopup\":false,\"closedelay\":0,\"openpopup\":false,\"openpopup_id\":0}' \/><div class=\"wpcf7-response-output\" aria-hidden=\"true\"><\/div>\n<input type=\"hidden\" name=\"trp-form-language\" value=\"fr\"\/><\/form>\n<\/div>\n<\/div><\/div><\/div><\/div>","protected":false},"excerpt":{"rendered":"Les op\u00e9rateurs (restaurateurs, cavistes et cavistes, distributeurs) et les journalistes du secteur peuvent demander une accr\u00e9ditation \u00e0 l&#039;\u00e9v\u00e9nement, pour acc\u00e9der gratuitement aux d\u00e9gustations de<span class=\"excerpt-hellip\"> [...]<\/span>","protected":false},"author":5,"featured_media":0,"parent":0,"menu_order":17,"comment_status":"open","ping_status":"closed","template":"","meta":[],"_links":{"self":[{"href":"https:\/\/old.winearound.it\/fr\/wp-json\/wp\/v2\/pages\/7105"}],"collection":[{"href":"https:\/\/old.winearound.it\/fr\/wp-json\/wp\/v2\/pages"}],"about":[{"href":"https:\/\/old.winearound.it\/fr\/wp-json\/wp\/v2\/types\/page"}],"author":[{"embeddable":true,"href":"https:\/\/old.winearound.it\/fr\/wp-json\/wp\/v2\/users\/5"}],"replies":[{"embeddable":true,"href":"https:\/\/old.winearound.it\/fr\/wp-json\/wp\/v2\/comments?post=7105"}],"version-history":[{"count":6,"href":"https:\/\/old.winearound.it\/fr\/wp-json\/wp\/v2\/pages\/7105\/revisions"}],"predecessor-version":[{"id":7834,"href":"https:\/\/old.winearound.it\/fr\/wp-json\/wp\/v2\/pages\/7105\/revisions\/7834"}],"wp:attachment":[{"href":"https:\/\/old.winearound.it\/fr\/wp-json\/wp\/v2\/media?parent=7105"}],"curies":[{"name":"wp","href":"https:\/\/api.w.org\/{rel}","templated":true}]}}