{"id":6932,"date":"2018-06-07T04:59:21","date_gmt":"2018-06-07T04:59:21","guid":{"rendered":"http:\/\/winearound.it\/?page_id=6932"},"modified":"2022-06-02T19:30:19","modified_gmt":"2022-06-02T19:30:19","slug":"food-and-beer-vallecrosia","status":"publish","type":"page","link":"https:\/\/old.winearound.it\/fr\/food-and-beer-vallecrosia\/","title":{"rendered":"Food and Beer"},"content":{"rendered":"<div class=\"vc_row wpb_row vc_row-fluid\"><div class=\"wpb_column vc_column_container vc_col-sm-12\"><div class=\"vc_column-inner\"><div class=\"wpb_wrapper\">\n\t<div class=\"wpb_text_column wpb_content_element\" >\n\t\t<div class=\"wpb_wrapper\">\n\t\t\t<h3><strong><span style=\"color: #800000;\">LA CARTE, GASTRONOMIE ET BI\u00c8RES ARTISANALES DE WINEAROUND IN RIVIERA 2022<br \/>\n<\/span><\/strong><\/h3>\n<p>\u00c0 Vallecrosia, vous trouverez \u00e9galement un menu riche \u00e0 composer \u00e0 votre go\u00fbt et \u00e0 combiner avec des vins et des bi\u00e8res artisanales, qui mettra en vedette Federico Lanteri \u00e0 l'Osteria Martini de Pigna, le Ristorante dei Pesacatori \u00e0 Vallecrosia, La Fata Consani \u00e0 Vintimille et le gourmet pizza, en plus des sp\u00e9cialit\u00e9s avec l'appellation d'origine municipale du Biscottificio Gibelli, et les desserts de la p\u00e2tisserie Dulcis in fundo de Vallecrosia.<\/p>\n\n\t\t<\/div>\n\t<\/div>\n<div class=\"vc_row wpb_row vc_inner vc_row-fluid\"><div class=\"wpb_column vc_column_container vc_col-sm-4\"><div class=\"vc_column-inner\"><div class=\"wpb_wrapper\"><div class=\"list_item lists_2 clearfix\"><div class=\"list_left list_image\"><img src=\"https:\/\/old.winearound.it\/wp-content\/uploads\/2022\/05\/cropped-cropped-cropped-Logo-Trans.png\" class=\"scale-with-grid\" alt=\"Food and Beer\" width=\"\" height=\"\"\/><\/div><div class=\"list_right\"><h4 class=\"title\">FEDERICO LANTERI ALL'OSTERIA MARTINI<\/h4><div class=\"desc\">Soupe d&#039;anchois et courgettes trompette<br \/>\nAnchois frits<br \/>\nTurtun<\/div><\/div><\/div>\n<\/div><\/div><\/div><div class=\"wpb_column vc_column_container vc_col-sm-4\"><div class=\"vc_column-inner\"><div class=\"wpb_wrapper\"><div class=\"list_item lists_2 clearfix\"><div class=\"list_left list_image\"><img src=\"https:\/\/old.winearound.it\/wp-content\/uploads\/2022\/05\/logo-ristorante.jpg\" class=\"scale-with-grid\" alt=\"Food and Beer\" width=\"\" height=\"\"\/><\/div><div class=\"list_right\"><h4 class=\"title\">RESTAURANT DE P\u00caCHEURS DE VALLECROSIA<\/h4><div class=\"desc\">Demi paccheri aux calamars et l\u00e9gumes<br \/>\nLasagne de l\u00e9gumes aux courgettes, noisettes et amandes, parfum\u00e9e \u00e0 la menthe<\/div><\/div><\/div>\n<\/div><\/div><\/div><div class=\"wpb_column vc_column_container vc_col-sm-4\"><div class=\"vc_column-inner\"><div class=\"wpb_wrapper\"><div class=\"list_item lists_2 clearfix\"><div class=\"list_left list_image\"><img src=\"https:\/\/old.winearound.it\/wp-content\/uploads\/2022\/05\/logo_lafata-411w.png\" class=\"scale-with-grid\" alt=\"Food and Beer\" width=\"\" height=\"\"\/><\/div><div class=\"list_right\"><h4 class=\"title\">LA F\u00c9E CONSANI<\/h4><div class=\"desc\">Hamburger gourmand \u00e0 la viande pi\u00e9montaise 100%<br \/>\nFrites maison<\/div><\/div><\/div>\n<\/div><\/div><\/div><\/div><div class=\"vc_row wpb_row vc_inner vc_row-fluid\"><div class=\"wpb_column vc_column_container vc_col-sm-4\"><div class=\"vc_column-inner\"><div class=\"wpb_wrapper\"><div class=\"list_item lists_2 clearfix\"><div class=\"list_left list_image\"><img src=\"https:\/\/old.winearound.it\/wp-content\/uploads\/2022\/06\/cookinglab.jpg\" class=\"scale-with-grid\" alt=\"Food and Beer\" width=\"\" height=\"\"\/><\/div><div class=\"list_right\"><h4 class=\"title\">LABORATOIRE DE CUISINE - GRANDES INSTALLATIONS INTESA<\/h4><div class=\"desc\">Pin Gourmet<\/div><\/div><\/div>\n<\/div><\/div><\/div><div class=\"wpb_column vc_column_container vc_col-sm-4\"><div class=\"vc_column-inner\"><div class=\"wpb_wrapper\"><div class=\"list_item lists_2 clearfix\"><div class=\"list_left list_image\"><img src=\"https:\/\/old.winearound.it\/wp-content\/uploads\/2019\/06\/dulcislogo.jpg\" class=\"scale-with-grid\" alt=\"Food and Beer\" width=\"\" height=\"\"\/><\/div><div class=\"list_right\"><h4 class=\"title\">DULCIS IN FUNDO<\/h4><div class=\"desc\">P\u00e2tisserie artisanale<\/div><\/div><\/div>\n<\/div><\/div><\/div><div class=\"wpb_column vc_column_container vc_col-sm-4\"><div class=\"vc_column-inner\"><div class=\"wpb_wrapper\"><div class=\"list_item lists_2 clearfix\"><div class=\"list_left list_image\"><img src=\"https:\/\/old.winearound.it\/wp-content\/uploads\/2017\/05\/gibelli.png\" class=\"scale-with-grid\" alt=\"Food and Beer\" width=\"\" height=\"\"\/><\/div><div class=\"list_right\"><h4 class=\"title\">BISCOTTIFICIO GIBELLI<\/h4><div class=\"desc\">Amaretti et Rundi di Vallecrosia<\/div><\/div><\/div>\n<\/div><\/div><\/div><\/div><div class=\"vc_row wpb_row vc_inner vc_row-fluid\"><div class=\"wpb_column vc_column_container vc_col-sm-4\"><div class=\"vc_column-inner\"><div class=\"wpb_wrapper\"><div class=\"list_item lists_2 clearfix\"><div class=\"list_left list_image\"><img src=\"https:\/\/old.winearound.it\/wp-content\/uploads\/2022\/05\/case-valdesi_Tavola-disegno-1-e1653609832438.jpg\" class=\"scale-with-grid\" alt=\"Food and Beer\" width=\"\" height=\"\"\/><\/div><div class=\"list_right\"><h4 class=\"title\">CASA VALDESE VALLECROSIA<\/h4><div class=\"desc\">Caf\u00e9<br \/>\nBoissons Lurisia<br \/>\nEau<\/div><\/div><\/div>\n<\/div><\/div><\/div><div class=\"wpb_column vc_column_container vc_col-sm-4\"><div class=\"vc_column-inner\"><div class=\"wpb_wrapper\"><div class=\"list_item lists_2 clearfix\"><div class=\"list_left list_image\"><img src=\"https:\/\/old.winearound.it\/wp-content\/uploads\/2019\/06\/mbpc.jpg\" class=\"scale-with-grid\" alt=\"Food and Beer\" width=\"\" height=\"\"\/><\/div><div class=\"list_right\"><h4 class=\"title\">MY PERSONAL BEERCORNER<\/h4><div class=\"desc\">SEX PORTER (porteur anglais)<br \/>\n100venti Bi\u00e8re - Borgomanero (NO)<br \/>\nFRIDA (Bi\u00e8re de Raisin Italienne)<br \/>\nBrasserie La Piazza - Turin<br \/>\nJASPE AM\u00c9RICAIN (Pils am\u00e9ricaines)<br \/>\nBrasserie La Piazza - Turin<br \/>\nD&#039;ORATA (bi\u00e8re dor\u00e9e)<br \/>\nBrasserie Nadir - Sanremo (IM)<br \/>\nLA rossa DEL GALLO (Fort Amer)<br \/>\nBrasserie Sant&#039;Andrea - Verceil<br \/>\nWHITE IGA (Bi\u00e8re de Raisin Italienne)<br \/>\nBrasserie F\u00e8lsina - Castelnuovo Berardenga (SI)<br \/>\nBEERBERA (Bi\u00e8re de Raisin Italienne)<br \/>\nLoverbeer - Marentino (TO)<\/div><\/div><\/div>\n<\/div><\/div><\/div><div class=\"wpb_column vc_column_container vc_col-sm-4\"><div class=\"vc_column-inner\"><div class=\"wpb_wrapper\"><\/div><\/div><\/div><\/div><\/div><\/div><\/div><\/div>","protected":false},"excerpt":{"rendered":"LE MENU, LA GASTRONOMIE ET LES BI\u00c8RES ARTISANALES DE VIN AUTOUR DE RIVIERA 2022 \u00c0 Vallecrosia, vous trouverez \u00e9galement un menu riche \u00e0 composer \u00e0 votre go\u00fbt et<span class=\"excerpt-hellip\"> [...]<\/span>","protected":false},"author":5,"featured_media":0,"parent":0,"menu_order":18,"comment_status":"open","ping_status":"closed","template":"","meta":[],"_links":{"self":[{"href":"https:\/\/old.winearound.it\/fr\/wp-json\/wp\/v2\/pages\/6932"}],"collection":[{"href":"https:\/\/old.winearound.it\/fr\/wp-json\/wp\/v2\/pages"}],"about":[{"href":"https:\/\/old.winearound.it\/fr\/wp-json\/wp\/v2\/types\/page"}],"author":[{"embeddable":true,"href":"https:\/\/old.winearound.it\/fr\/wp-json\/wp\/v2\/users\/5"}],"replies":[{"embeddable":true,"href":"https:\/\/old.winearound.it\/fr\/wp-json\/wp\/v2\/comments?post=6932"}],"version-history":[{"count":21,"href":"https:\/\/old.winearound.it\/fr\/wp-json\/wp\/v2\/pages\/6932\/revisions"}],"predecessor-version":[{"id":8082,"href":"https:\/\/old.winearound.it\/fr\/wp-json\/wp\/v2\/pages\/6932\/revisions\/8082"}],"wp:attachment":[{"href":"https:\/\/old.winearound.it\/fr\/wp-json\/wp\/v2\/media?parent=6932"}],"curies":[{"name":"wp","href":"https:\/\/api.w.org\/{rel}","templated":true}]}}