{"id":6903,"date":"2018-06-03T14:19:56","date_gmt":"2018-06-03T14:19:56","guid":{"rendered":"http:\/\/winearound.it\/?page_id=6903"},"modified":"2023-03-02T08:33:22","modified_gmt":"2023-03-02T08:33:22","slug":"winearound-in-riviera","status":"publish","type":"page","link":"https:\/\/old.winearound.it\/fr\/winearound-in-riviera\/","title":{"rendered":"WineAround sur la Riviera"},"content":{"rendered":"<div class=\"vc_row wpb_row vc_row-fluid\"><div class=\"wpb_column vc_column_container vc_col-sm-12\"><div class=\"vc_column-inner\"><div class=\"wpb_wrapper\">\n\t<div class=\"wpb_text_column wpb_content_element\" >\n\t\t<div class=\"wpb_wrapper\">\n\t\t\t<h4><strong><span style=\"color: #800000;\">Vendredi 3 et samedi 4 juin de 18h00 \u00e0 24h00<\/span><\/strong><\/h4>\n<h3><strong><span style=\"color: #800000;\">EXPOSITION D\u00c9GUSTATION ET MARCH\u00c9 AVEC ENTR\u00c9E LIBRE<\/span><\/strong><\/h3>\n<h4><span style=\"color: #800000;\"><strong>Jardins de la Casa Valdese - Vallecrosia (IM)<\/strong><\/span><\/h4>\n<p><strong>D\u00c9GUSTATION<\/strong>: plus de 350 vins de toute l&#039;Italie avec les caves locales et les comptoirs de d\u00e9gustation du guide Vinibuoni d&#039;Italia, spiritueux, bi\u00e8res artisanales et excellente gastronomie.<\/p>\n<p><strong>RESTAURATION<\/strong>: une carte riche avec des propositions traditionnelles et locales.<\/p>\n<p><strong>MARCHE DES SPECTACLES<\/strong>: vins, spiritueux, bi\u00e8res artisanales et sp\u00e9cialit\u00e9s gastronomiques en d\u00e9gustation et vente.<\/p>\n<p><strong>ESPACE ENFANTS\u00a0:<\/strong> il y aura aussi un espace d\u00e9di\u00e9 aux plus petits, pour donner libre cours \u00e0 la cr\u00e9ativit\u00e9. Un festival familial<\/p>\n\n\t\t<\/div>\n\t<\/div>\n\n\t<div class=\"wpb_text_column wpb_content_element\" id=\"italiangrapeale\">\n\t\t<div class=\"wpb_wrapper\">\n\t\t\t<h4><strong><span style=\"color: #800000;\">PROGRAMME DE D\u00c9GUSTATION ITALIAN GRAPE ALE VS VIN<\/span><\/strong><\/h4>\n<p>D\u00e9gustations parall\u00e8les qui combinent un vin monovari\u00e9tal avec une bi\u00e8re italienne de raisin produite avec du mo\u00fbt du m\u00eame c\u00e9page, pour d\u00e9couvrir les similitudes et les diff\u00e9rences de deux mondes qui entrent en contact.<br \/>\n<em>Co\u00fbt en caisse 5 \u20ac, places limit\u00e9es. Co\u00fbt promotionnel de 4 \u20ac pour ceux qui s&#039;inscrivent en remplissant le formulaire ci-dessous.<\/em><\/p>\n<hr \/>\n\n\t\t<\/div>\n\t<\/div>\n\n\t<div class=\"wpb_text_column wpb_content_element\" >\n\t\t<div class=\"wpb_wrapper\">\n\t\t\t<h5><strong>Vendredi 3 juin - 19h<br \/>\nBlanc IGA de F\u00e8lsina (Chardonnay)<\/strong><\/h5>\n\n\t\t<\/div>\n\t<\/div>\n\n\t<div class=\"wpb_text_column wpb_content_element\" >\n\t\t<div class=\"wpb_wrapper\">\n\t\t\t<h5><strong>Vendredi 3 juin - 20h<br \/>\nBeerbera par Loverbeer (Barbera)<\/strong><\/h5>\n\n\t\t<\/div>\n\t<\/div>\n\n\t<div class=\"wpb_text_column wpb_content_element\" >\n\t\t<div class=\"wpb_wrapper\">\n\t\t\t<h5><strong>Samedi 4 juin - 19h<br \/>\nFrida de la Brasserie La Piazza (Sauvignon)<\/strong><\/h5>\n\n\t\t<\/div>\n\t<\/div>\n\n\t<div class=\"wpb_text_column wpb_content_element\" >\n\t\t<div class=\"wpb_wrapper\">\n\t\t\t<h5><strong>Samedi 4 juin - 20h<br \/>\nBeerbera par Loverbeer (Barbera)<\/strong><\/h5>\n\n\t\t<\/div>\n\t<\/div>\n<\/div><\/div><\/div><\/div><div class=\"vc_row wpb_row vc_row-fluid\"><div class=\"wpb_column vc_column_container vc_col-sm-12\"><div class=\"vc_column-inner\"><div class=\"wpb_wrapper\"><div class=\"vc_separator wpb_content_element vc_separator_align_center vc_sep_width_100 vc_sep_pos_align_center vc_separator_no_text vc_sep_color_grey\" ><span class=\"vc_sep_holder vc_sep_holder_l\"><span  class=\"vc_sep_line\"><\/span><\/span><span class=\"vc_sep_holder vc_sep_holder_r\"><span  class=\"vc_sep_line\"><\/span><\/span>\n<\/div><\/div><\/div><\/div><\/div><div class=\"vc_row wpb_row vc_row-fluid\"><div class=\"wpb_column vc_column_container vc_col-sm-12\"><div class=\"vc_column-inner\"><div class=\"wpb_wrapper\">\n\t<div class=\"wpb_text_column wpb_content_element\" >\n\t\t<div class=\"wpb_wrapper\">\n\t\t\t<h2 style=\"text-align: center;\">COMMENT FONCTIONNENT LES D\u00c9GUSTATIONS ?<\/h2>\n\n\t\t<\/div>\n\t<\/div>\n<\/div><\/div><\/div><\/div><div class=\"vc_row wpb_row vc_row-fluid\"><div class=\"wpb_column vc_column_container vc_col-sm-12\"><div class=\"vc_column-inner\"><div class=\"wpb_wrapper\"><div class=\"vc_separator wpb_content_element vc_separator_align_center vc_sep_width_100 vc_sep_pos_align_center vc_separator_no_text vc_sep_color_grey\" ><span class=\"vc_sep_holder vc_sep_holder_l\"><span  class=\"vc_sep_line\"><\/span><\/span><span class=\"vc_sep_holder vc_sep_holder_r\"><span  class=\"vc_sep_line\"><\/span><\/span>\n<\/div><\/div><\/div><\/div><\/div><div class=\"vc_row wpb_row vc_row-fluid\"><div class=\"wpb_column vc_column_container vc_col-sm-12\"><div class=\"vc_column-inner\"><div class=\"wpb_wrapper\">\n\t<div class=\"wpb_text_column wpb_content_element\" >\n\t\t<div class=\"wpb_wrapper\">\n\t\t\t<h4><strong><span style=\"color: #800000;\">FORFAITS DEGUSTATION<\/span><\/strong><\/h4>\n<p>L&#039;entr\u00e9e \u00e0 l&#039;\u00e9v\u00e9nement est gratuite, pour acc\u00e9der aux d\u00e9gustations de vins et de bi\u00e8res artisanales, il est n\u00e9cessaire d&#039;acheter l&#039;un des forfaits suivants :<\/p>\n\n\t\t<\/div>\n\t<\/div>\n<div class=\"vc_row wpb_row vc_inner vc_row-fluid vc_custom_1524999792716\"><div class=\"wpb_column vc_column_container vc_col-sm-3\"><div class=\"vc_column-inner\"><div class=\"wpb_wrapper\"><div class=\"pricing-box  cp-right pricing-box-box\"><div class=\"plan-header\"><div class=\"image\"><img src=\"https:\/\/old.winearound.it\/wp-content\/uploads\/2018\/04\/pacchetto-base.png\" alt=\"WineAround in Riviera\" width=\"\" height=\"\"\/><\/div><h2>Forfait<br \/>\nBase<\/h2><div class=\"price\"><span>5<\/span><sup class=\"currency\">\u20ac<\/sup><sup class=\"period\"><\/sup><\/div><hr class=\"hr_color\" \/><\/div><div class=\"plan-inside\"><span class=\"pi-content\"><\/p>\n<ul>\n<li>Verre<\/li>\n<li>Poche porte-gobelet<\/li>\n<li>1 jeton de d\u00e9gustation<\/li>\n<\/ul>\n<p><\/span><\/div><\/div>\n<\/div><\/div><\/div><div class=\"wpb_column vc_column_container vc_col-sm-3\"><div class=\"vc_column-inner\"><div class=\"wpb_wrapper\"><div class=\"pricing-box  cp-right pricing-box-box\"><div class=\"plan-header\"><div class=\"image\"><img src=\"https:\/\/old.winearound.it\/wp-content\/uploads\/2018\/04\/pacchetto-intermedio.png\" alt=\"WineAround in Riviera\" width=\"\" height=\"\"\/><\/div><h2>Forfait Interm\u00e9diaire<\/h2><div class=\"price\"><span>10<\/span><sup class=\"currency\">\u20ac<\/sup><sup class=\"period\"><\/sup><\/div><hr class=\"hr_color\" \/><\/div><div class=\"plan-inside\"><span class=\"pi-content\"><\/p>\n<ul>\n<li>Verre<\/li>\n<li>Poche porte-gobelet<\/li>\n<li>4 jetons d\u00e9gustation<\/li>\n<\/ul>\n<p><\/span><\/div><\/div>\n<\/div><\/div><\/div><div class=\"wpb_column vc_column_container vc_col-sm-3\"><div class=\"vc_column-inner\"><div class=\"wpb_wrapper\"><div class=\"pricing-box  cp-right pricing-box-box\"><div class=\"plan-header\"><div class=\"image\"><img src=\"https:\/\/old.winearound.it\/wp-content\/uploads\/2018\/04\/percorso.png\" alt=\"WineAround in Riviera\" width=\"\" height=\"\"\/><\/div><h2>Parcours d\u00e9gustation<\/h2><div class=\"price\"><span>25<\/span><sup class=\"currency\">\u20ac<\/sup><sup class=\"period\"><\/sup><\/div><hr class=\"hr_color\" \/><\/div><div class=\"plan-inside\"><span class=\"pi-content\"><\/p>\n<ul>\n<li>Verre<\/li>\n<li>Poche porte-gobelet<\/li>\n<li>D\u00e9gustation de tous les vins et spiritueux pr\u00e9sents<\/li>\n<li>Bon d&#039;achat d&#039;une valeur de 5 \u20ac<\/li>\n<\/ul>\n<p><\/span><\/div><\/div>\n<\/div><\/div><\/div><div class=\"wpb_column vc_column_container vc_col-sm-3\"><div class=\"vc_column-inner\"><div class=\"wpb_wrapper\"><div class=\"pricing-box  cp-right pricing-box-box\"><div class=\"plan-header\"><div class=\"image\"><img src=\"https:\/\/old.winearound.it\/wp-content\/uploads\/2018\/04\/percorso.png\" alt=\"WineAround in Riviera\" width=\"\" height=\"\"\/><\/div><h2>pass 2 jours<\/h2><div class=\"price\"><span>40<\/span><sup class=\"currency\">\u20ac<\/sup><sup class=\"period\"><\/sup><\/div><hr class=\"hr_color\" \/><\/div><div class=\"plan-inside\"><span class=\"pi-content\"><\/p>\n<ul>\n<li>Verre<\/li>\n<li>Poche porte-gobelet<\/li>\n<li>D\u00e9gustation de tous les vins et spiritueux pr\u00e9sents<\/li>\n<li>Bon d&#039;une valeur de 8 \u20ac<\/li>\n<\/ul>\n<p><\/span><\/div><\/div>\n<\/div><\/div><\/div><\/div><div class=\"vc_separator wpb_content_element vc_separator_align_center vc_sep_width_100 vc_sep_pos_align_center vc_separator_no_text vc_sep_color_grey\" ><span class=\"vc_sep_holder vc_sep_holder_l\"><span  class=\"vc_sep_line\"><\/span><\/span><span class=\"vc_sep_holder vc_sep_holder_r\"><span  class=\"vc_sep_line\"><\/span><\/span>\n<\/div><div class=\"vc_row wpb_row vc_inner vc_row-fluid\"><div class=\"wpb_column vc_column_container vc_col-sm-3\"><div class=\"vc_column-inner\"><div class=\"wpb_wrapper\">\n\t<div class=\"wpb_text_column wpb_content_element\" >\n\t\t<div class=\"wpb_wrapper\">\n\t\t\t<h4><strong><span style=\"color: #993366;\">D\u00c9GUSTATIONS SUIVANTES<\/span><\/strong><\/h4>\n\n\t\t<\/div>\n\t<\/div>\n<\/div><\/div><\/div><div class=\"wpb_column vc_column_container vc_col-sm-3\"><div class=\"vc_column-inner\"><div class=\"wpb_wrapper\">\n\t<div class=\"wpb_text_column wpb_content_element\" >\n\t\t<div class=\"wpb_wrapper\">\n\t\t\t<h4>1 d\u00e9gustation<\/h4>\n<h3>2,50 \u20ac<\/h3>\n\n\t\t<\/div>\n\t<\/div>\n<\/div><\/div><\/div><div class=\"wpb_column vc_column_container vc_col-sm-3\"><div class=\"vc_column-inner\"><div class=\"wpb_wrapper\">\n\t<div class=\"wpb_text_column wpb_content_element\" >\n\t\t<div class=\"wpb_wrapper\">\n\t\t\t<h4>3 d\u00e9gustations<\/h4>\n<h3>7 \u20ac<\/h3>\n\n\t\t<\/div>\n\t<\/div>\n<\/div><\/div><\/div><div class=\"wpb_column vc_column_container vc_col-sm-3\"><div class=\"vc_column-inner\"><div class=\"wpb_wrapper\">\n\t<div class=\"wpb_text_column wpb_content_element\" >\n\t\t<div class=\"wpb_wrapper\">\n\t\t\t<h4>5 d\u00e9gustations<\/h4>\n<h3>10 \u20ac<\/h3>\n\n\t\t<\/div>\n\t<\/div>\n<\/div><\/div><\/div><\/div><section class=\"vc_cta3-container\"><div class=\"vc_general vc_cta3 calltoaction vc_cta3-style-flat vc_cta3-shape-square vc_cta3-align-left vc_cta3-color-pink vc_cta3-icon-size-xl vc_cta3-icons-left vc_cta3-actions-right\"><div class=\"vc_cta3-icons\"><div class=\"vc_icon_element vc_icon_element-outer vc_icon_element-align-left\"><div class=\"vc_icon_element-inner vc_icon_element-color-white vc_icon_element-size-xl vc_icon_element-style- vc_icon_element-background-color-grey\" ><span class=\"vc_icon_element-icon fa fa-percent\" ><\/span><\/div><\/div><\/div><div class=\"vc_cta3_content-container\"><div class=\"vc_cta3-content\"><header class=\"vc_cta3-content-header\"><h2>R\u00e9ductions et d\u00e9gustations gratuites \u00e0 l&#039;avance<\/h2><h4>Profitez des offres<\/h4><\/header><\/div><div class=\"vc_cta3-actions\"><div class=\"vc_btn3-container vc_btn3-inline\" ><a class=\"vc_general vc_btn3 vc_btn3-size-lg vc_btn3-shape-square vc_btn3-style-flat vc_btn3-color-juicy-pink\" href=\"http:\/\/winearound.it\/prevendite-vallecrosia\/\" title=\"\">ALLER \u00c0 LA PR\u00c9VENTE<\/a><\/div><\/div><\/div><\/div><\/section><\/div><\/div><\/div><\/div><div class=\"vc_row wpb_row vc_row-fluid\"><div class=\"wpb_column vc_column_container vc_col-sm-12\"><div class=\"vc_column-inner\"><div class=\"wpb_wrapper\">\n\t<div class=\"wpb_text_column wpb_content_element\" >\n\t\t<div class=\"wpb_wrapper\">\n\t\t\t<h4>10% rabais sur les forfaits d\u00e9gustation avec verre, sur le parcours d\u00e9gustation et sur le pass 2 jours pour les membres <strong>FoodAround - Ais - Aspi - Fis - Fisar - Onav - Onab - Touring Club Italiano.<\/strong><\/h4>\n\n\t\t<\/div>\n\t<\/div>\n<div class=\"vc_separator wpb_content_element vc_separator_align_center vc_sep_width_100 vc_sep_pos_align_center vc_separator_no_text vc_sep_color_grey\" ><span class=\"vc_sep_holder vc_sep_holder_l\"><span  class=\"vc_sep_line\"><\/span><\/span><span class=\"vc_sep_holder vc_sep_holder_r\"><span  class=\"vc_sep_line\"><\/span><\/span>\n<\/div><div class=\"vc_row wpb_row vc_inner vc_row-fluid\"><div class=\"wpb_column vc_column_container vc_col-sm-2\"><div class=\"vc_column-inner\"><div class=\"wpb_wrapper\">\n\t<div  class=\"wpb_single_image wpb_content_element vc_align_left\">\n\t\t\n\t\t<figure class=\"wpb_wrapper vc_figure\">\n\t\t\t<div class=\"vc_single_image-wrapper   vc_box_border_grey\"><img width=\"1024\" height=\"768\" src=\"https:\/\/old.winearound.it\/wp-content\/uploads\/2018\/04\/gettone-2.png\" class=\"vc_single_image-img attachment-full\" alt=\"\" decoding=\"async\" loading=\"lazy\" title=\"jeton\" srcset=\"https:\/\/old.winearound.it\/wp-content\/uploads\/2018\/04\/gettone-2.png 1024w, https:\/\/old.winearound.it\/wp-content\/uploads\/2018\/04\/gettone-2-300x225.png 300w, https:\/\/old.winearound.it\/wp-content\/uploads\/2018\/04\/gettone-2-768x576.png 768w, https:\/\/old.winearound.it\/wp-content\/uploads\/2018\/04\/gettone-2-195x146.png 195w, https:\/\/old.winearound.it\/wp-content\/uploads\/2018\/04\/gettone-2-50x38.png 50w, https:\/\/old.winearound.it\/wp-content\/uploads\/2018\/04\/gettone-2-100x75.png 100w, https:\/\/old.winearound.it\/wp-content\/uploads\/2018\/04\/gettone-2-960x720.png 960w, https:\/\/old.winearound.it\/wp-content\/uploads\/2018\/04\/gettone-2-500x375.png 500w\" sizes=\"(max-width: 1024px) 100vw, 1024px\" \/><\/div>\n\t\t<\/figure>\n\t<\/div>\n<\/div><\/div><\/div><div class=\"wpb_column vc_column_container vc_col-sm-4\"><div class=\"vc_column-inner\"><div class=\"wpb_wrapper\">\n\t<div class=\"wpb_text_column wpb_content_element\" >\n\t\t<div class=\"wpb_wrapper\">\n\t\t\t<p><strong>1 jeton correspond \u00e0 1 d\u00e9gustation<\/strong><br \/>\n- 10 cl pour les vins<br \/>\n- 5 cl pour les vins de raisin, vermouth et chinato<br \/>\n- 4 cl pour les spiritueux, amers et liqueurs<br \/>\n<span style=\"color: #ff6600;\">Pour certains produits de valeur particuli\u00e8re, 2\/3 jetons peuvent \u00eatre demand\u00e9s pour 1 d\u00e9gustation<\/span><\/p>\n\n\t\t<\/div>\n\t<\/div>\n<\/div><\/div><\/div><div class=\"wpb_column vc_column_container vc_col-sm-2\"><div class=\"vc_column-inner\"><div class=\"wpb_wrapper\">\n\t<div  class=\"wpb_single_image wpb_content_element vc_align_left\">\n\t\t\n\t\t<figure class=\"wpb_wrapper vc_figure\">\n\t\t\t<div class=\"vc_single_image-wrapper   vc_box_border_grey\"><img width=\"1024\" height=\"768\" src=\"https:\/\/old.winearound.it\/wp-content\/uploads\/2018\/04\/assaggio.png\" class=\"vc_single_image-img attachment-full\" alt=\"\" decoding=\"async\" loading=\"lazy\" title=\"go\u00fbter\" srcset=\"https:\/\/old.winearound.it\/wp-content\/uploads\/2018\/04\/assaggio.png 1024w, https:\/\/old.winearound.it\/wp-content\/uploads\/2018\/04\/assaggio-300x225.png 300w, https:\/\/old.winearound.it\/wp-content\/uploads\/2018\/04\/assaggio-768x576.png 768w, https:\/\/old.winearound.it\/wp-content\/uploads\/2018\/04\/assaggio-195x146.png 195w, https:\/\/old.winearound.it\/wp-content\/uploads\/2018\/04\/assaggio-50x38.png 50w, https:\/\/old.winearound.it\/wp-content\/uploads\/2018\/04\/assaggio-100x75.png 100w, https:\/\/old.winearound.it\/wp-content\/uploads\/2018\/04\/assaggio-960x720.png 960w, https:\/\/old.winearound.it\/wp-content\/uploads\/2018\/04\/assaggio-500x375.png 500w\" sizes=\"(max-width: 1024px) 100vw, 1024px\" \/><\/div>\n\t\t<\/figure>\n\t<\/div>\n<\/div><\/div><\/div><div class=\"wpb_column vc_column_container vc_col-sm-4\"><div class=\"vc_column-inner\"><div class=\"wpb_wrapper\">\n\t<div class=\"wpb_text_column wpb_content_element\" >\n\t\t<div class=\"wpb_wrapper\">\n\t\t\t<p>La <strong>parcours d\u00e9gustation <\/strong>le parcours d\u00e9gustation permet une d\u00e9gustation, avec une quantit\u00e9 de service r\u00e9duite, pour chacune des plus de 400 \u00e9tiquettes de vins et spiritueux pr\u00e9sentes. <span style=\"color: #ff6600;\">Il est \u00e0 la discr\u00e9tion des exposants d&#039;autoriser plus d&#039;une d\u00e9gustation pour un m\u00eame produit de d\u00e9gustation. Les bi\u00e8res artisanales et les plats propos\u00e9s par les restaurateurs ne sont pas inclus<\/span>. Il comprend \u00e9galement un bon \u00e0 valoir dans les caves pr\u00e9sentes.<\/p>\n\n\t\t<\/div>\n\t<\/div>\n<\/div><\/div><\/div><\/div><div class=\"vc_separator wpb_content_element vc_separator_align_center vc_sep_width_100 vc_sep_pos_align_center vc_separator_no_text vc_sep_color_grey\" ><span class=\"vc_sep_holder vc_sep_holder_l\"><span  class=\"vc_sep_line\"><\/span><\/span><span class=\"vc_sep_holder vc_sep_holder_r\"><span  class=\"vc_sep_line\"><\/span><\/span>\n<\/div><div class=\"vc_row wpb_row vc_inner vc_row-fluid\"><div class=\"wpb_column vc_column_container vc_col-sm-6\"><div class=\"vc_column-inner\"><div class=\"wpb_wrapper\">\n\t<div class=\"wpb_text_column wpb_content_element\" >\n\t\t<div class=\"wpb_wrapper\">\n\t\t\t<h4>BI\u00c8RES ARTISANALES<\/h4>\n<p>les d\u00e9gustations de bi\u00e8res artisanales peuvent \u00eatre achet\u00e9es directement au comptoir de d\u00e9gustation et il n&#039;est pas n\u00e9cessaire d&#039;avoir un verre en verre<\/p>\n\n\t\t<\/div>\n\t<\/div>\n<\/div><\/div><\/div><div class=\"wpb_column vc_column_container vc_col-sm-6\"><div class=\"vc_column-inner\"><div class=\"wpb_wrapper\">\n\t<div class=\"wpb_text_column wpb_content_element\" >\n\t\t<div class=\"wpb_wrapper\">\n\t\t\t<h4>RESTAURATION \/ BAR<\/h4>\n<p>Les plats de la carte WineAround, caf\u00e9, eau et softs peuvent \u00eatre achet\u00e9s directement aupr\u00e8s des exposants pr\u00e9sents<\/p>\n\n\t\t<\/div>\n\t<\/div>\n<\/div><\/div><\/div><\/div><div class=\"vc_separator wpb_content_element vc_separator_align_center vc_sep_width_100 vc_sep_pos_align_center vc_separator_no_text vc_sep_color_grey\" ><span class=\"vc_sep_holder vc_sep_holder_l\"><span  class=\"vc_sep_line\"><\/span><\/span><span class=\"vc_sep_holder vc_sep_holder_r\"><span  class=\"vc_sep_line\"><\/span><\/span>\n<\/div><\/div><\/div><\/div><\/div>","protected":false},"excerpt":{"rendered":"Vendredi 3 et samedi 4 juin de 18h00 \u00e0 24h00 D\u00c9GUSTATION ET EXPOSITION DE MARCH\u00c9 AVEC ENTR\u00c9E GRATUITE Giardini della Casa Valdese - Vallecrosia (IM) D\u00c9GUSTATION: au-del\u00e0<span class=\"excerpt-hellip\"> [...]<\/span>","protected":false},"author":5,"featured_media":0,"parent":0,"menu_order":18,"comment_status":"open","ping_status":"closed","template":"","meta":[],"_links":{"self":[{"href":"https:\/\/old.winearound.it\/fr\/wp-json\/wp\/v2\/pages\/6903"}],"collection":[{"href":"https:\/\/old.winearound.it\/fr\/wp-json\/wp\/v2\/pages"}],"about":[{"href":"https:\/\/old.winearound.it\/fr\/wp-json\/wp\/v2\/types\/page"}],"author":[{"embeddable":true,"href":"https:\/\/old.winearound.it\/fr\/wp-json\/wp\/v2\/users\/5"}],"replies":[{"embeddable":true,"href":"https:\/\/old.winearound.it\/fr\/wp-json\/wp\/v2\/comments?post=6903"}],"version-history":[{"count":20,"href":"https:\/\/old.winearound.it\/fr\/wp-json\/wp\/v2\/pages\/6903\/revisions"}],"predecessor-version":[{"id":8400,"href":"https:\/\/old.winearound.it\/fr\/wp-json\/wp\/v2\/pages\/6903\/revisions\/8400"}],"wp:attachment":[{"href":"https:\/\/old.winearound.it\/fr\/wp-json\/wp\/v2\/media?parent=6903"}],"curies":[{"name":"wp","href":"https:\/\/api.w.org\/{rel}","templated":true}]}}